{"id":8,"date":"2021-09-02T16:32:13","date_gmt":"2021-09-02T16:32:13","guid":{"rendered":"http:\/\/vaquetilla.es\/?page_id=8"},"modified":"2023-08-30T18:34:02","modified_gmt":"2023-08-30T18:34:02","slug":"inicio","status":"publish","type":"page","link":"https:\/\/vaquetilla.es\/","title":{"rendered":"PIELES DE VAQUETILLA EXCELENTES A LOS MEJORES PRECIOS"},"content":{"rendered":"\n<p>Nos complace anunciarles que en CURTIDOS FURIEX, S.L. podemos ofrecerles los mejores cueros de Vaquetilla nacional de primera con varios colores y grosores a elegir.<\/p>\n\n\n\n<p>La piel de vaquetilla, tambi\u00e9n conocida como piel de vaqueta, es una de las variedades de curtido al vegetal m\u00e1s conocidas. <\/p>\n\n\n\n<p>Es un tipo de piel gruesa por lo general y se emplea much\u00edsimo en infinidad de trabajos, sobre todo en los de artesan\u00eda, fabricaci\u00f3n de cinturones, repujados, grabados, pirograbados o tintadas, art\u00edculos de caza, marroquiner\u00eda en general y guarnicioner\u00eda.<\/p>\n\n\n\n<p>Como siempre a los mejores precios, cons\u00faltenos sin compromiso, estaremos encantados de atenderle.<\/p>\n\n\n\n<p>Telf: 722 17 85 27<\/p>\n\n\n\n<p>  E-mail: info@furiexinter.com<\/p>\n\n\n<div class=\"wp-block-image\">\n<figure class=\"aligncenter size-large\"><img loading=\"lazy\" decoding=\"async\" width=\"1024\" height=\"747\" src=\"http:\/\/vaquetilla.es\/wp-content\/uploads\/2021\/09\/vaquetilla-1024x747.jpg\" alt=\"\" class=\"wp-image-42\" srcset=\"https:\/\/vaquetilla.es\/wp-content\/uploads\/2021\/09\/vaquetilla-1024x747.jpg 1024w, https:\/\/vaquetilla.es\/wp-content\/uploads\/2021\/09\/vaquetilla-300x219.jpg 300w, https:\/\/vaquetilla.es\/wp-content\/uploads\/2021\/09\/vaquetilla-768x560.jpg 768w, https:\/\/vaquetilla.es\/wp-content\/uploads\/2021\/09\/vaquetilla-1536x1120.jpg 1536w, https:\/\/vaquetilla.es\/wp-content\/uploads\/2021\/09\/vaquetilla.jpg 2016w\" sizes=\"auto, (max-width: 767px) 89vw, (max-width: 1000px) 54vw, (max-width: 1071px) 543px, 580px\" \/><\/figure>\n<\/div>\n\n<div class=\"wp-block-image\">\n<figure class=\"aligncenter size-large is-resized\"><a href=\"https:\/\/curtidosonline.com\/\"><img loading=\"lazy\" decoding=\"async\" src=\"http:\/\/vaquetilla.es\/wp-content\/uploads\/2021\/09\/boto\u0301ncomprar.jpg\" alt=\"\" class=\"wp-image-47\" width=\"203\" height=\"152\" srcset=\"https:\/\/vaquetilla.es\/wp-content\/uploads\/2021\/09\/boto\u0301ncomprar.jpg 640w, https:\/\/vaquetilla.es\/wp-content\/uploads\/2021\/09\/boto\u0301ncomprar-300x225.jpg 300w\" sizes=\"auto, (max-width: 203px) 100vw, 203px\" \/><\/a><\/figure>\n<\/div>","protected":false},"excerpt":{"rendered":"<p>Nos complace anunciarles que en CURTIDOS FURIEX, S.L. podemos ofrecerles los mejores cueros de Vaquetilla nacional de primera con varios colores y grosores a elegir. La piel de vaquetilla, tambi\u00e9n conocida como piel de vaqueta, es una de las variedades de curtido al vegetal m\u00e1s conocidas. Es un tipo de piel gruesa por lo general &hellip; <\/p>\n<p class=\"link-more\"><a href=\"https:\/\/vaquetilla.es\/\" class=\"more-link\">Continuar leyendo<span class=\"screen-reader-text\"> \u00abPIELES DE VAQUETILLA EXCELENTES A LOS MEJORES PRECIOS\u00bb<\/span><\/a><\/p>\n","protected":false},"author":1,"featured_media":39,"parent":0,"menu_order":0,"comment_status":"closed","ping_status":"closed","template":"","meta":{"footnotes":""},"class_list":["post-8","page","type-page","status-publish","has-post-thumbnail","hentry"],"yoast_head":"<!-- This site is optimized with the Yoast SEO plugin v21.0 - https:\/\/yoast.com\/wordpress\/plugins\/seo\/ -->\n<title>Vaquetilla<\/title>\n<meta name=\"description\" content=\"Vaquetilla 100% Vegetal a los mejores precios\" \/>\n<meta name=\"robots\" content=\"index, follow, max-snippet:-1, max-image-preview:large, max-video-preview:-1\" \/>\n<link rel=\"canonical\" href=\"https:\/\/vaquetilla.es\/\" \/>\n<meta property=\"og:locale\" content=\"es_ES\" \/>\n<meta property=\"og:type\" content=\"article\" \/>\n<meta property=\"og:title\" content=\"Vaquetilla\" \/>\n<meta property=\"og:description\" content=\"Vaquetilla 100% Vegetal a los mejores precios\" \/>\n<meta property=\"og:url\" content=\"https:\/\/vaquetilla.es\/\" \/>\n<meta property=\"og:site_name\" content=\"La mejor vaquetilla a los mejores precios\" \/>\n<meta property=\"article:modified_time\" content=\"2023-08-30T18:34:02+00:00\" \/>\n<meta property=\"og:image\" content=\"https:\/\/vaquetilla.es\/wp-content\/uploads\/2021\/09\/pelle.jpg\" \/>\n\t<meta property=\"og:image:width\" content=\"600\" \/>\n\t<meta property=\"og:image:height\" content=\"350\" \/>\n\t<meta property=\"og:image:type\" content=\"image\/jpeg\" \/>\n<meta name=\"twitter:card\" content=\"summary_large_image\" \/>\n<meta name=\"twitter:label1\" content=\"Tiempo de lectura\" \/>\n\t<meta name=\"twitter:data1\" content=\"1 minuto\" \/>\n<script type=\"application\/ld+json\" class=\"yoast-schema-graph\">{\"@context\":\"https:\/\/schema.org\",\"@graph\":[{\"@type\":\"WebPage\",\"@id\":\"https:\/\/vaquetilla.es\/\",\"url\":\"https:\/\/vaquetilla.es\/\",\"name\":\"Vaquetilla\",\"isPartOf\":{\"@id\":\"https:\/\/vaquetilla.es\/#website\"},\"datePublished\":\"2021-09-02T16:32:13+00:00\",\"dateModified\":\"2023-08-30T18:34:02+00:00\",\"description\":\"Vaquetilla 100% Vegetal a los mejores precios\",\"breadcrumb\":{\"@id\":\"https:\/\/vaquetilla.es\/#breadcrumb\"},\"inLanguage\":\"es\",\"potentialAction\":[{\"@type\":\"ReadAction\",\"target\":[\"https:\/\/vaquetilla.es\/\"]}]},{\"@type\":\"BreadcrumbList\",\"@id\":\"https:\/\/vaquetilla.es\/#breadcrumb\",\"itemListElement\":[{\"@type\":\"ListItem\",\"position\":1,\"name\":\"Portada\",\"item\":\"https:\/\/vaquetilla.es\/\"},{\"@type\":\"ListItem\",\"position\":2,\"name\":\"PIELES DE VAQUETILLA EXCELENTES A LOS MEJORES PRECIOS\"}]},{\"@type\":\"WebSite\",\"@id\":\"https:\/\/vaquetilla.es\/#website\",\"url\":\"https:\/\/vaquetilla.es\/\",\"name\":\"La mejor vaquetilla a los mejores precios\",\"description\":\"Vaquetilla\",\"publisher\":{\"@id\":\"https:\/\/vaquetilla.es\/#organization\"},\"potentialAction\":[{\"@type\":\"SearchAction\",\"target\":{\"@type\":\"EntryPoint\",\"urlTemplate\":\"https:\/\/vaquetilla.es\/?s={search_term_string}\"},\"query-input\":\"required name=search_term_string\"}],\"inLanguage\":\"es\"},{\"@type\":\"Organization\",\"@id\":\"https:\/\/vaquetilla.es\/#organization\",\"name\":\"Curtidos Furiex\",\"url\":\"https:\/\/vaquetilla.es\/\",\"logo\":{\"@type\":\"ImageObject\",\"inLanguage\":\"es\",\"@id\":\"https:\/\/vaquetilla.es\/#\/schema\/logo\/image\/\",\"url\":\"https:\/\/vaquetilla.es\/wp-content\/uploads\/2022\/09\/logo-1.png\",\"contentUrl\":\"https:\/\/vaquetilla.es\/wp-content\/uploads\/2022\/09\/logo-1.png\",\"width\":240,\"height\":209,\"caption\":\"Curtidos Furiex\"},\"image\":{\"@id\":\"https:\/\/vaquetilla.es\/#\/schema\/logo\/image\/\"}}]}<\/script>\n<!-- \/ Yoast SEO plugin. -->","yoast_head_json":{"title":"Vaquetilla","description":"Vaquetilla 100% Vegetal a los mejores precios","robots":{"index":"index","follow":"follow","max-snippet":"max-snippet:-1","max-image-preview":"max-image-preview:large","max-video-preview":"max-video-preview:-1"},"canonical":"https:\/\/vaquetilla.es\/","og_locale":"es_ES","og_type":"article","og_title":"Vaquetilla","og_description":"Vaquetilla 100% Vegetal a los mejores precios","og_url":"https:\/\/vaquetilla.es\/","og_site_name":"La mejor vaquetilla a los mejores precios","article_modified_time":"2023-08-30T18:34:02+00:00","og_image":[{"width":600,"height":350,"url":"https:\/\/vaquetilla.es\/wp-content\/uploads\/2021\/09\/pelle.jpg","type":"image\/jpeg"}],"twitter_card":"summary_large_image","twitter_misc":{"Tiempo de lectura":"1 minuto"},"schema":{"@context":"https:\/\/schema.org","@graph":[{"@type":"WebPage","@id":"https:\/\/vaquetilla.es\/","url":"https:\/\/vaquetilla.es\/","name":"Vaquetilla","isPartOf":{"@id":"https:\/\/vaquetilla.es\/#website"},"datePublished":"2021-09-02T16:32:13+00:00","dateModified":"2023-08-30T18:34:02+00:00","description":"Vaquetilla 100% Vegetal a los mejores precios","breadcrumb":{"@id":"https:\/\/vaquetilla.es\/#breadcrumb"},"inLanguage":"es","potentialAction":[{"@type":"ReadAction","target":["https:\/\/vaquetilla.es\/"]}]},{"@type":"BreadcrumbList","@id":"https:\/\/vaquetilla.es\/#breadcrumb","itemListElement":[{"@type":"ListItem","position":1,"name":"Portada","item":"https:\/\/vaquetilla.es\/"},{"@type":"ListItem","position":2,"name":"PIELES DE VAQUETILLA EXCELENTES A LOS MEJORES PRECIOS"}]},{"@type":"WebSite","@id":"https:\/\/vaquetilla.es\/#website","url":"https:\/\/vaquetilla.es\/","name":"La mejor vaquetilla a los mejores precios","description":"Vaquetilla","publisher":{"@id":"https:\/\/vaquetilla.es\/#organization"},"potentialAction":[{"@type":"SearchAction","target":{"@type":"EntryPoint","urlTemplate":"https:\/\/vaquetilla.es\/?s={search_term_string}"},"query-input":"required name=search_term_string"}],"inLanguage":"es"},{"@type":"Organization","@id":"https:\/\/vaquetilla.es\/#organization","name":"Curtidos Furiex","url":"https:\/\/vaquetilla.es\/","logo":{"@type":"ImageObject","inLanguage":"es","@id":"https:\/\/vaquetilla.es\/#\/schema\/logo\/image\/","url":"https:\/\/vaquetilla.es\/wp-content\/uploads\/2022\/09\/logo-1.png","contentUrl":"https:\/\/vaquetilla.es\/wp-content\/uploads\/2022\/09\/logo-1.png","width":240,"height":209,"caption":"Curtidos Furiex"},"image":{"@id":"https:\/\/vaquetilla.es\/#\/schema\/logo\/image\/"}}]}},"_links":{"self":[{"href":"https:\/\/vaquetilla.es\/index.php\/wp-json\/wp\/v2\/pages\/8","targetHints":{"allow":["GET"]}}],"collection":[{"href":"https:\/\/vaquetilla.es\/index.php\/wp-json\/wp\/v2\/pages"}],"about":[{"href":"https:\/\/vaquetilla.es\/index.php\/wp-json\/wp\/v2\/types\/page"}],"author":[{"embeddable":true,"href":"https:\/\/vaquetilla.es\/index.php\/wp-json\/wp\/v2\/users\/1"}],"replies":[{"embeddable":true,"href":"https:\/\/vaquetilla.es\/index.php\/wp-json\/wp\/v2\/comments?post=8"}],"version-history":[{"count":13,"href":"https:\/\/vaquetilla.es\/index.php\/wp-json\/wp\/v2\/pages\/8\/revisions"}],"predecessor-version":[{"id":109,"href":"https:\/\/vaquetilla.es\/index.php\/wp-json\/wp\/v2\/pages\/8\/revisions\/109"}],"wp:featuredmedia":[{"embeddable":true,"href":"https:\/\/vaquetilla.es\/index.php\/wp-json\/wp\/v2\/media\/39"}],"wp:attachment":[{"href":"https:\/\/vaquetilla.es\/index.php\/wp-json\/wp\/v2\/media?parent=8"}],"curies":[{"name":"wp","href":"https:\/\/api.w.org\/{rel}","templated":true}]}}