{"id":9,"date":"2021-09-02T16:32:13","date_gmt":"2021-09-02T16:32:13","guid":{"rendered":"http:\/\/vaquetilla.es\/?page_id=9"},"modified":"2023-08-30T07:31:55","modified_gmt":"2023-08-30T07:31:55","slug":"acerca-de","status":"publish","type":"page","link":"https:\/\/vaquetilla.es\/index.php\/acerca-de\/","title":{"rendered":"Acerca de"},"content":{"rendered":"\n<p>\u00bfQu\u00e9 es piel vaquetilla, de vaqueta o cuero vaquetilla?<\/p>\n\n\n\n<p><br>Procedente del bovino, normalmente de ternera o becerro, es una piel que destaca por ser curtida con un proceso vegetal.<\/p>\n\n\n\n<p>Habitualmente con un espesor fino de unos 3mm y muy flexible, es la variedad de piel curtida al vegetal m\u00e1s utilizada.<\/p>\n\n\n\n<p>Te\u00f1ida en diferentes colores con una superficie lisa muy apropiada para la confecci\u00f3n de marroquiner\u00eda como bolsos, botas de cuero mujer, cinturones o carteras y tambi\u00e9n para art\u00edculos de viaje como maletas o maletines. Muy utilizada para la fabricaci\u00f3n de art\u00edculos de lujo gracias a su acabado y elegancia, pues el simple hecho de utilizar retales de cuero de vaqueta para decorar un art\u00edculo ya puede revalorizarlo.<\/p>\n\n\n\n<p>Nuestras pieles son curtidas tradicionalmente y ecol\u00f3gicamente bajo normativa europea de calidad, tacto fuerte y textura firme con marcas caracter\u00edsticas del cuero legitimo, ideal para tu proyectos de cuero como bolsos, cinturones, carteras de viaje, marroquiner\u00eda, encuadernaci\u00f3n artesanal, calzado y mucho mas.<\/p>\n\n\n\n<p>Curtido vegetal desarrollado por nuestros proveedores que mantienen su compromiso con el medio ambiente<\/p>\n\n\n\n<p>Existen acabados y texturas de diferentes gruesos distintos, pero lo que diferencia un material de otro es la creatividad y originalidad del usuario que manipula el cuero, es habitual que un cuero se use para muy diversos acabados por lo que un mismo material es apropiado para diversos usos<\/p>\n\n\n\n<p>\u00bfQu\u00e9 es el curtido de pieles vegetal?<br>Es un curtido de pieles con m\u00e1s de 200 a\u00f1os de antig\u00fcedad, que en la actualidad combina un proceso artesanal tradicional con la tecnolog\u00eda punta.<\/p>\n\n\n\n<p>En este caso, la vaqueta se curte con extractos vegetales de \u00e1rboles con una cantidad muy grande de tanino como pueden ser la mimosa o el quebrado y antiguamente se utilizaba mucho la encina y el roble.<\/p>\n\n\n\n<p>Es por tanto un curtido ecol\u00f3gico ya que solo se utilizan productos naturales que apenas contaminan y los colores que se consiguen son unos tonos ricos y c\u00e1lidos que lucen completamente naturales.<\/p>\n\n\n\n<p>Se dice que es la piel para artesanos perfecta, puesto que a diferencia de los curtidos al aceite o al cromo, las posibilidades de decoraci\u00f3n son mucho mayores.<\/p>\n\n\n\n<p>\u00bfQu\u00e9 caracter\u00edsticas tiene la piel de vaquetilla?<br>Sus caracter\u00edsticas se derivan de la piel del animal y del tipo de curtido que se ha utilizado. La vaqueta destaca por su flexibilidad, grano muy apretado y finura de la flor que hacen que sea la variedad de piel m\u00e1s interesante, vers\u00e1til y adecuada para desarrollar trabajos creativos.<\/p>\n\n\n\n<p>Hay que tener en cuenta que todos los bolsos, carteras, cinturones o art\u00edculos elaborados con esta piel se alteran con los rasgu\u00f1os y ara\u00f1azos, adem\u00e1s de con las manchas de agua. Incluso es recomendable encerarlos regularmente.<\/p>\n\n\n\n<p>Curtici\u00f3n 100% vegetal, realizados con cueros europeos de alta calidad.<\/p>\n\n\n\n<p>Muy utilizados en guarnicioner\u00eda, marroquiner\u00eda como bolsos, carteras, cinturones, art\u00edculos para el deporte de la caza, maletas etc..<\/p>\n\n\n\n<p>Los comercializamos en varios espesores, desde 1,0 mm. hasta 3,5 mm.<\/p>\n\n\n\n<p>El colorido que ofrecemos es muy amplio, actualmente hay mas de veinte colores en nuestro muestrario, como colores cl\u00e1sicos de toda la vida.<\/p>\n\n\n<div class=\"wp-block-image\">\n<figure class=\"aligncenter size-large\"><img loading=\"lazy\" decoding=\"async\" width=\"450\" height=\"337\" src=\"http:\/\/vaquetilla.es\/wp-content\/uploads\/2021\/09\/muestrario.gif\" alt=\"\" class=\"wp-image-57\"\/><\/figure>\n<\/div>\n\n<div class=\"wp-block-image\">\n<figure class=\"aligncenter size-large is-resized\"><a href=\"https:\/\/curtidosonline.com\/\"><img loading=\"lazy\" decoding=\"async\" src=\"http:\/\/vaquetilla.es\/wp-content\/uploads\/2021\/09\/boto\u0301ncomprar.jpg\" alt=\"\" class=\"wp-image-47\" width=\"228\" height=\"171\" srcset=\"https:\/\/vaquetilla.es\/wp-content\/uploads\/2021\/09\/boto\u0301ncomprar.jpg 640w, https:\/\/vaquetilla.es\/wp-content\/uploads\/2021\/09\/boto\u0301ncomprar-300x225.jpg 300w\" sizes=\"auto, (max-width: 228px) 100vw, 228px\" \/><\/a><\/figure>\n<\/div>","protected":false},"excerpt":{"rendered":"<p>\u00bfQu\u00e9 es piel vaquetilla, de vaqueta o cuero vaquetilla? Procedente del bovino, normalmente de ternera o becerro, es una piel que destaca por ser curtida con un proceso vegetal. Habitualmente con un espesor fino de unos 3mm y muy flexible, es la variedad de piel curtida al vegetal m\u00e1s utilizada. Te\u00f1ida en diferentes colores con &hellip; <\/p>\n<p class=\"link-more\"><a href=\"https:\/\/vaquetilla.es\/index.php\/acerca-de\/\" class=\"more-link\">Continuar leyendo<span class=\"screen-reader-text\"> \u00abAcerca de\u00bb<\/span><\/a><\/p>\n","protected":false},"author":1,"featured_media":33,"parent":0,"menu_order":0,"comment_status":"closed","ping_status":"closed","template":"","meta":{"footnotes":""},"class_list":["post-9","page","type-page","status-publish","has-post-thumbnail","hentry"],"yoast_head":"<!-- This site is optimized with the Yoast SEO plugin v21.0 - https:\/\/yoast.com\/wordpress\/plugins\/seo\/ -->\n<title>Acerca de Vaquetilla<\/title>\n<meta name=\"robots\" content=\"index, follow, max-snippet:-1, max-image-preview:large, max-video-preview:-1\" \/>\n<link rel=\"canonical\" href=\"https:\/\/vaquetilla.es\/index.php\/acerca-de\/\" \/>\n<meta property=\"og:locale\" content=\"es_ES\" \/>\n<meta property=\"og:type\" content=\"article\" \/>\n<meta property=\"og:title\" content=\"Acerca de Vaquetilla\" \/>\n<meta property=\"og:description\" content=\"\u00bfQu\u00e9 es piel vaquetilla, de vaqueta o cuero vaquetilla? Procedente del bovino, normalmente de ternera o becerro, es una piel que destaca por ser curtida con un proceso vegetal. Habitualmente con un espesor fino de unos 3mm y muy flexible, es la variedad de piel curtida al vegetal m\u00e1s utilizada. Te\u00f1ida en diferentes colores con &hellip; Continuar leyendo &quot;Acerca de&quot;\" \/>\n<meta property=\"og:url\" content=\"https:\/\/vaquetilla.es\/index.php\/acerca-de\/\" \/>\n<meta property=\"og:site_name\" content=\"La mejor vaquetilla a los mejores precios\" \/>\n<meta property=\"article:modified_time\" content=\"2023-08-30T07:31:55+00:00\" \/>\n<meta property=\"og:image\" content=\"https:\/\/vaquetilla.es\/wp-content\/uploads\/2021\/09\/herramnientas.jpg\" \/>\n\t<meta property=\"og:image:width\" content=\"1254\" \/>\n\t<meta property=\"og:image:height\" content=\"836\" \/>\n\t<meta property=\"og:image:type\" content=\"image\/jpeg\" \/>\n<meta name=\"twitter:card\" content=\"summary_large_image\" \/>\n<meta name=\"twitter:label1\" content=\"Tiempo de lectura\" \/>\n\t<meta name=\"twitter:data1\" content=\"3 minutos\" \/>\n<script type=\"application\/ld+json\" class=\"yoast-schema-graph\">{\"@context\":\"https:\/\/schema.org\",\"@graph\":[{\"@type\":\"WebPage\",\"@id\":\"https:\/\/vaquetilla.es\/index.php\/acerca-de\/\",\"url\":\"https:\/\/vaquetilla.es\/index.php\/acerca-de\/\",\"name\":\"Acerca de Vaquetilla\",\"isPartOf\":{\"@id\":\"https:\/\/vaquetilla.es\/#website\"},\"datePublished\":\"2021-09-02T16:32:13+00:00\",\"dateModified\":\"2023-08-30T07:31:55+00:00\",\"breadcrumb\":{\"@id\":\"https:\/\/vaquetilla.es\/index.php\/acerca-de\/#breadcrumb\"},\"inLanguage\":\"es\",\"potentialAction\":[{\"@type\":\"ReadAction\",\"target\":[\"https:\/\/vaquetilla.es\/index.php\/acerca-de\/\"]}]},{\"@type\":\"BreadcrumbList\",\"@id\":\"https:\/\/vaquetilla.es\/index.php\/acerca-de\/#breadcrumb\",\"itemListElement\":[{\"@type\":\"ListItem\",\"position\":1,\"name\":\"Portada\",\"item\":\"https:\/\/vaquetilla.es\/\"},{\"@type\":\"ListItem\",\"position\":2,\"name\":\"Acerca de\"}]},{\"@type\":\"WebSite\",\"@id\":\"https:\/\/vaquetilla.es\/#website\",\"url\":\"https:\/\/vaquetilla.es\/\",\"name\":\"La mejor vaquetilla a los mejores precios\",\"description\":\"Vaquetilla\",\"publisher\":{\"@id\":\"https:\/\/vaquetilla.es\/#organization\"},\"potentialAction\":[{\"@type\":\"SearchAction\",\"target\":{\"@type\":\"EntryPoint\",\"urlTemplate\":\"https:\/\/vaquetilla.es\/?s={search_term_string}\"},\"query-input\":\"required name=search_term_string\"}],\"inLanguage\":\"es\"},{\"@type\":\"Organization\",\"@id\":\"https:\/\/vaquetilla.es\/#organization\",\"name\":\"Curtidos Furiex\",\"url\":\"https:\/\/vaquetilla.es\/\",\"logo\":{\"@type\":\"ImageObject\",\"inLanguage\":\"es\",\"@id\":\"https:\/\/vaquetilla.es\/#\/schema\/logo\/image\/\",\"url\":\"https:\/\/vaquetilla.es\/wp-content\/uploads\/2022\/09\/logo-1.png\",\"contentUrl\":\"https:\/\/vaquetilla.es\/wp-content\/uploads\/2022\/09\/logo-1.png\",\"width\":240,\"height\":209,\"caption\":\"Curtidos Furiex\"},\"image\":{\"@id\":\"https:\/\/vaquetilla.es\/#\/schema\/logo\/image\/\"}}]}<\/script>\n<!-- \/ Yoast SEO plugin. -->","yoast_head_json":{"title":"Acerca de Vaquetilla","robots":{"index":"index","follow":"follow","max-snippet":"max-snippet:-1","max-image-preview":"max-image-preview:large","max-video-preview":"max-video-preview:-1"},"canonical":"https:\/\/vaquetilla.es\/index.php\/acerca-de\/","og_locale":"es_ES","og_type":"article","og_title":"Acerca de Vaquetilla","og_description":"\u00bfQu\u00e9 es piel vaquetilla, de vaqueta o cuero vaquetilla? Procedente del bovino, normalmente de ternera o becerro, es una piel que destaca por ser curtida con un proceso vegetal. Habitualmente con un espesor fino de unos 3mm y muy flexible, es la variedad de piel curtida al vegetal m\u00e1s utilizada. Te\u00f1ida en diferentes colores con &hellip; Continuar leyendo \"Acerca de\"","og_url":"https:\/\/vaquetilla.es\/index.php\/acerca-de\/","og_site_name":"La mejor vaquetilla a los mejores precios","article_modified_time":"2023-08-30T07:31:55+00:00","og_image":[{"width":1254,"height":836,"url":"https:\/\/vaquetilla.es\/wp-content\/uploads\/2021\/09\/herramnientas.jpg","type":"image\/jpeg"}],"twitter_card":"summary_large_image","twitter_misc":{"Tiempo de lectura":"3 minutos"},"schema":{"@context":"https:\/\/schema.org","@graph":[{"@type":"WebPage","@id":"https:\/\/vaquetilla.es\/index.php\/acerca-de\/","url":"https:\/\/vaquetilla.es\/index.php\/acerca-de\/","name":"Acerca de Vaquetilla","isPartOf":{"@id":"https:\/\/vaquetilla.es\/#website"},"datePublished":"2021-09-02T16:32:13+00:00","dateModified":"2023-08-30T07:31:55+00:00","breadcrumb":{"@id":"https:\/\/vaquetilla.es\/index.php\/acerca-de\/#breadcrumb"},"inLanguage":"es","potentialAction":[{"@type":"ReadAction","target":["https:\/\/vaquetilla.es\/index.php\/acerca-de\/"]}]},{"@type":"BreadcrumbList","@id":"https:\/\/vaquetilla.es\/index.php\/acerca-de\/#breadcrumb","itemListElement":[{"@type":"ListItem","position":1,"name":"Portada","item":"https:\/\/vaquetilla.es\/"},{"@type":"ListItem","position":2,"name":"Acerca de"}]},{"@type":"WebSite","@id":"https:\/\/vaquetilla.es\/#website","url":"https:\/\/vaquetilla.es\/","name":"La mejor vaquetilla a los mejores precios","description":"Vaquetilla","publisher":{"@id":"https:\/\/vaquetilla.es\/#organization"},"potentialAction":[{"@type":"SearchAction","target":{"@type":"EntryPoint","urlTemplate":"https:\/\/vaquetilla.es\/?s={search_term_string}"},"query-input":"required name=search_term_string"}],"inLanguage":"es"},{"@type":"Organization","@id":"https:\/\/vaquetilla.es\/#organization","name":"Curtidos Furiex","url":"https:\/\/vaquetilla.es\/","logo":{"@type":"ImageObject","inLanguage":"es","@id":"https:\/\/vaquetilla.es\/#\/schema\/logo\/image\/","url":"https:\/\/vaquetilla.es\/wp-content\/uploads\/2022\/09\/logo-1.png","contentUrl":"https:\/\/vaquetilla.es\/wp-content\/uploads\/2022\/09\/logo-1.png","width":240,"height":209,"caption":"Curtidos Furiex"},"image":{"@id":"https:\/\/vaquetilla.es\/#\/schema\/logo\/image\/"}}]}},"_links":{"self":[{"href":"https:\/\/vaquetilla.es\/index.php\/wp-json\/wp\/v2\/pages\/9","targetHints":{"allow":["GET"]}}],"collection":[{"href":"https:\/\/vaquetilla.es\/index.php\/wp-json\/wp\/v2\/pages"}],"about":[{"href":"https:\/\/vaquetilla.es\/index.php\/wp-json\/wp\/v2\/types\/page"}],"author":[{"embeddable":true,"href":"https:\/\/vaquetilla.es\/index.php\/wp-json\/wp\/v2\/users\/1"}],"replies":[{"embeddable":true,"href":"https:\/\/vaquetilla.es\/index.php\/wp-json\/wp\/v2\/comments?post=9"}],"version-history":[{"count":7,"href":"https:\/\/vaquetilla.es\/index.php\/wp-json\/wp\/v2\/pages\/9\/revisions"}],"predecessor-version":[{"id":108,"href":"https:\/\/vaquetilla.es\/index.php\/wp-json\/wp\/v2\/pages\/9\/revisions\/108"}],"wp:featuredmedia":[{"embeddable":true,"href":"https:\/\/vaquetilla.es\/index.php\/wp-json\/wp\/v2\/media\/33"}],"wp:attachment":[{"href":"https:\/\/vaquetilla.es\/index.php\/wp-json\/wp\/v2\/media?parent=9"}],"curies":[{"name":"wp","href":"https:\/\/api.w.org\/{rel}","templated":true}]}}